{"id":95,"date":"2018-04-07T02:19:33","date_gmt":"2018-04-07T07:19:33","guid":{"rendered":"https:\/\/textilairin.pe\/?page_id=95"},"modified":"2020-12-11T16:56:34","modified_gmt":"2020-12-11T21:56:34","slug":"responsabilidad-social","status":"publish","type":"page","link":"https:\/\/textilairin.pe\/en\/responsabilidad-social\/","title":{"rendered":"Social responsability"},"content":{"rendered":"<div class=\"wpb-content-wrapper\"><div data-vc-full-width=\"true\" data-vc-full-width-init=\"false\" data-vc-stretch-content=\"true\" class=\"vc_row wpb_row vc_row-fluid vc_row-no-padding\"><div class=\"wpb_column vc_column_container vc_col-sm-12\"><div class=\"vc_column-inner\"><div class=\"wpb_wrapper\"><\/div><\/div><\/div><\/div><div class=\"vc_row-full-width vc_clearfix\"><\/div><div class=\"vc_row wpb_row vc_row-fluid vc_custom_1584047695080\"><div class=\"wpb_column vc_column_container vc_col-sm-4\"><div class=\"vc_column-inner\"><div class=\"wpb_wrapper\">\n\t<div class=\"wpb_text_column wpb_content_element\" >\n\t\t<div class=\"wpb_wrapper\">\n\t\t\t<div class=\"content-rs\">\n<h3 class=\"titulo titulo-rs\">Good deeds, <span style=\"display: block;\">positive impact<\/span><\/h3>\n<\/div>\n\n\t\t<\/div>\n\t<\/div>\n<\/div><\/div><\/div><div class=\"wpb_column vc_column_container vc_col-sm-8\"><div class=\"vc_column-inner\"><div class=\"wpb_wrapper\">\n\t<div class=\"wpb_text_column wpb_content_element\" >\n\t\t<div class=\"wpb_wrapper\">\n\t\t\t<div class=\"content-rs\">\n<p>At Negocios e Inversiones Airin SAC, we are a Peruvian company dedicated to the manufacture of high quality garments in knitted and flat fabrics. In South America we have customers in Brazil, Colombia, Chile and Venezuela. Central America, Costa Rica and North America to the United States.<\/p>\n<p>We work to reach the standards required by our clients so that they are satisfied with their requirements.<\/p>\n<p>We use natural products such as 100% organic cotton, recycled material: recycled polyester, recycled cotton and processes that use less pollutants for our products: low-impact washes, natural washes.<\/p>\n<p>We are responsible with the care of the environment and look for ways to reduce pollutants and have a positive impact on the community.<\/p>\n<figure class=\"imagen\"><img decoding=\"async\" src=\"https:\/\/textilairin.pe\/wp-content\/uploads\/2020\/03\/imagen-responsabilidad-social.png\" \/><\/figure>\n<\/div>\n\n\t\t<\/div>\n\t<\/div>\n<\/div><\/div><\/div><\/div><div class=\"vc_row wpb_row vc_row-fluid vc_custom_1584047685437\"><div class=\"wpb_column vc_column_container vc_col-sm-12\"><div class=\"vc_column-inner\"><div class=\"wpb_wrapper\">\n\t<div class=\"wpb_text_column wpb_content_element\" >\n\t\t<div class=\"wpb_wrapper\">\n\t\t\t<div class=\"content-rs\">\n<h4 class=\"subtitulo\">We invite you to get to know our <span style=\"display: block;\">Code of Conduct<\/span><\/h4>\n<div class=\"enlace\"><a href=\"https:\/\/textilairin.pe\/wp-content\/uploads\/2020\/05\/Airin-C\u00f3digos-de-Conducta.pdf\" target=\"_blank\" rel=\"noopener noreferrer\">View Code of Conduct<\/a><\/div>\n<\/div>\n\n\t\t<\/div>\n\t<\/div>\n<\/div><\/div><\/div><\/div>\n<\/div>","protected":false},"excerpt":{"rendered":"Buenas acciones, impacto positivo En Negocios e Inversiones Airin SAC, somos una empresa peruana dedicada a la fabricaci\u00f3n de prendas de vestir de alta calidad en tejidos de punto y plano. En Sudam\u00e9rica tenemos clientes en Brasil, Colombia, Chile y Venezuela. Centro am\u00e9rica Costa Rica y Norteam\u00e9rica a Estados Unidos. Trabajamos para llegar a los&nbsp;...","protected":false},"author":1,"featured_media":0,"parent":0,"menu_order":0,"comment_status":"closed","ping_status":"closed","template":"","meta":{"_monsterinsights_skip_tracking":false,"_monsterinsights_sitenote_active":false,"_monsterinsights_sitenote_note":"","_monsterinsights_sitenote_category":0,"_joinchat":[],"footnotes":""},"class_list":["post-95","page","type-page","status-publish","hentry"],"_links":{"self":[{"href":"https:\/\/textilairin.pe\/en\/wp-json\/wp\/v2\/pages\/95"}],"collection":[{"href":"https:\/\/textilairin.pe\/en\/wp-json\/wp\/v2\/pages"}],"about":[{"href":"https:\/\/textilairin.pe\/en\/wp-json\/wp\/v2\/types\/page"}],"author":[{"embeddable":true,"href":"https:\/\/textilairin.pe\/en\/wp-json\/wp\/v2\/users\/1"}],"replies":[{"embeddable":true,"href":"https:\/\/textilairin.pe\/en\/wp-json\/wp\/v2\/comments?post=95"}],"version-history":[{"count":47,"href":"https:\/\/textilairin.pe\/en\/wp-json\/wp\/v2\/pages\/95\/revisions"}],"predecessor-version":[{"id":2043,"href":"https:\/\/textilairin.pe\/en\/wp-json\/wp\/v2\/pages\/95\/revisions\/2043"}],"wp:attachment":[{"href":"https:\/\/textilairin.pe\/en\/wp-json\/wp\/v2\/media?parent=95"}],"curies":[{"name":"wp","href":"https:\/\/api.w.org\/{rel}","templated":true}]}}