{"id":70,"date":"2018-04-06T00:36:30","date_gmt":"2018-04-06T00:36:30","guid":{"rendered":"https:\/\/textilairin.pe\/?page_id=70"},"modified":"2024-08-16T09:11:22","modified_gmt":"2024-08-16T14:11:22","slug":"certificaciones","status":"publish","type":"page","link":"https:\/\/textilairin.pe\/en\/certificaciones\/","title":{"rendered":"Certifications"},"content":{"rendered":"<div class=\"wpb-content-wrapper\"><div data-vc-full-width=\"true\" data-vc-full-width-init=\"false\" data-vc-stretch-content=\"true\" class=\"vc_row wpb_row vc_row-fluid vc_row-no-padding\"><div class=\"wpb_column vc_column_container vc_col-sm-12\"><div class=\"vc_column-inner\"><div class=\"wpb_wrapper\">\n\t<div class=\"wpb_text_column wpb_content_element\" >\n\t\t<div class=\"wpb_wrapper\">\n\t\t\t\n\n\t\t<\/div>\n\t<\/div>\n<\/div><\/div><\/div><\/div><div class=\"vc_row-full-width vc_clearfix\"><\/div><div class=\"vc_row wpb_row vc_row-fluid vc_custom_1584043832661\"><div class=\"wpb_column vc_column_container vc_col-sm-12\"><div class=\"vc_column-inner\"><div class=\"wpb_wrapper\"><div class=\"vc_row wpb_row vc_inner vc_row-fluid\"><div class=\"wpb_column vc_column_container vc_col-sm-6\"><div class=\"vc_column-inner\"><div class=\"wpb_wrapper\"><\/div><\/div><\/div><div class=\"wpb_column vc_column_container vc_col-sm-6\"><div class=\"vc_column-inner\"><div class=\"wpb_wrapper\">\n\t<div class=\"wpb_text_column wpb_content_element\" >\n\t\t<div class=\"wpb_wrapper\">\n\t\t\t<p><img loading=\"lazy\" decoding=\"async\" class=\"wp-image-2057 aligncenter\" src=\"https:\/\/textilairin.pe\/wp-content\/uploads\/2021\/02\/PREMIOS-PAI.png\" alt=\"\" width=\"263\" height=\"421\" srcset=\"https:\/\/textilairin.pe\/wp-content\/uploads\/2021\/02\/PREMIOS-PAI.png 310w, https:\/\/textilairin.pe\/wp-content\/uploads\/2021\/02\/PREMIOS-PAI-188x300.png 188w\" sizes=\"(max-width: 263px) 100vw, 263px\" \/><\/p>\n\n\t\t<\/div>\n\t<\/div>\n<\/div><\/div><\/div><\/div><\/div><\/div><\/div><\/div><div class=\"vc_row wpb_row vc_row-fluid vc_custom_1584043832661\"><div class=\"wpb_column vc_column_container vc_col-sm-12\"><div class=\"vc_column-inner\"><div class=\"wpb_wrapper\"><div class=\"vc_row wpb_row vc_inner vc_row-fluid\"><div class=\"wpb_column vc_column_container vc_col-sm-6\"><div class=\"vc_column-inner\"><div class=\"wpb_wrapper\">\n\t<div class=\"wpb_text_column wpb_content_element\" >\n\t\t<div class=\"wpb_wrapper\">\n\t\t\t<div class=\"content-certificacion\">\n<h3 class=\"titulo\">SMETA 4 Pillars Certification<\/h3>\n<p>At Airin, we take our commitment to business ethics, sustainability, and the well-being of our employees and supply chain partners very seriously. Our SMETA 4 Pillars certification is proof of our commitment to these important areas.\n<\/p><\/div>\n\n\t\t<\/div>\n\t<\/div>\n<\/div><\/div><\/div><div class=\"wpb_column vc_column_container vc_col-sm-6\"><div class=\"vc_column-inner\"><div class=\"wpb_wrapper\">\n\t<div class=\"wpb_text_column wpb_content_element\" >\n\t\t<div class=\"wpb_wrapper\">\n\t\t\t<div class=\"content-certificacion\">\n<figure class=\"image\"><img decoding=\"async\" src=\"https:\/\/textilairin.pe\/wp-content\/uploads\/2024\/04\/Certificacion-SMETA-csrconsulting.png\" \/><\/figure>\n<\/div>\n\n\t\t<\/div>\n\t<\/div>\n<\/div><\/div><\/div><\/div><\/div><\/div><\/div><\/div><div data-vc-full-width=\"true\" data-vc-full-width-init=\"false\" data-vc-stretch-content=\"true\" class=\"vc_row wpb_row vc_row-fluid vc_custom_1584001431124 vc_row-has-fill vc_row-no-padding\"><div class=\"wpb_column vc_column_container vc_col-sm-12\"><div class=\"vc_column-inner\"><div class=\"wpb_wrapper\"><div class=\"vc_row wpb_row vc_inner vc_row-fluid content-limit vc_custom_1587844252561\"><div class=\"wpb_column vc_column_container vc_col-sm-12\"><div class=\"vc_column-inner\"><div class=\"wpb_wrapper\">\n\t<div class=\"wpb_text_column wpb_content_element\" >\n\t\t<div class=\"wpb_wrapper\">\n\t\t\t<h3 class=\"titulo3 tit_padding_left\">They trust us<\/h3>\n\n\t\t<\/div>\n\t<\/div>\n<\/div><\/div><\/div><\/div><div class=\"vc_row wpb_row vc_inner vc_row-fluid content-limit newcontent-limit vc_custom_1591123080966\"><div class=\"wpb_column vc_column_container vc_col-sm-3\"><div class=\"vc_column-inner\"><div class=\"wpb_wrapper\">\n\t<div  class=\"wpb_single_image wpb_content_element vc_align_center\">\n\t\t\n\t\t<figure class=\"wpb_wrapper vc_figure\">\n\t\t\t<div class=\"vc_single_image-wrapper   vc_box_border_grey\"><img loading=\"lazy\" decoding=\"async\" width=\"270\" height=\"126\" src=\"https:\/\/textilairin.pe\/wp-content\/uploads\/2020\/04\/logo-cliente-2.png\" class=\"vc_single_image-img attachment-full\" alt=\"\" title=\"logo-cliente-2\" \/><\/div>\n\t\t<\/figure>\n\t<\/div>\n<\/div><\/div><\/div><div class=\"wpb_column vc_column_container vc_col-sm-3\"><div class=\"vc_column-inner\"><div class=\"wpb_wrapper\">\n\t<div  class=\"wpb_single_image wpb_content_element vc_align_center\">\n\t\t\n\t\t<figure class=\"wpb_wrapper vc_figure\">\n\t\t\t<div class=\"vc_single_image-wrapper   vc_box_border_grey\"><img loading=\"lazy\" decoding=\"async\" width=\"270\" height=\"126\" src=\"https:\/\/textilairin.pe\/wp-content\/uploads\/2020\/04\/logo-cliente-3.png\" class=\"vc_single_image-img attachment-full\" alt=\"\" title=\"logo-cliente-3\" \/><\/div>\n\t\t<\/figure>\n\t<\/div>\n<\/div><\/div><\/div><div class=\"wpb_column vc_column_container vc_col-sm-3\"><div class=\"vc_column-inner\"><div class=\"wpb_wrapper\">\n\t<div  class=\"wpb_single_image wpb_content_element vc_align_center\">\n\t\t\n\t\t<figure class=\"wpb_wrapper vc_figure\">\n\t\t\t<div class=\"vc_single_image-wrapper   vc_box_border_grey\"><img loading=\"lazy\" decoding=\"async\" width=\"270\" height=\"126\" src=\"https:\/\/textilairin.pe\/wp-content\/uploads\/2020\/04\/logo-cliente-9.png\" class=\"vc_single_image-img attachment-full\" alt=\"\" title=\"logo-cliente-9\" \/><\/div>\n\t\t<\/figure>\n\t<\/div>\n<\/div><\/div><\/div><div class=\"wpb_column vc_column_container vc_col-sm-3\"><div class=\"vc_column-inner\"><div class=\"wpb_wrapper\">\n\t<div  class=\"wpb_single_image wpb_content_element vc_align_center\">\n\t\t\n\t\t<figure class=\"wpb_wrapper vc_figure\">\n\t\t\t<div class=\"vc_single_image-wrapper   vc_box_border_grey\"><img loading=\"lazy\" decoding=\"async\" width=\"270\" height=\"126\" src=\"https:\/\/textilairin.pe\/wp-content\/uploads\/2020\/04\/logo-cliente-6.png\" class=\"vc_single_image-img attachment-full\" alt=\"\" title=\"logo-cliente-6\" \/><\/div>\n\t\t<\/figure>\n\t<\/div>\n<\/div><\/div><\/div><\/div><div class=\"vc_row wpb_row vc_inner vc_row-fluid content-limit newcontent-limit vc_custom_1591123080966\"><div class=\"wpb_column vc_column_container vc_col-sm-3\"><div class=\"vc_column-inner\"><div class=\"wpb_wrapper\">\n\t<div  class=\"wpb_single_image wpb_content_element vc_align_center\">\n\t\t\n\t\t<figure class=\"wpb_wrapper vc_figure\">\n\t\t\t<div class=\"vc_single_image-wrapper   vc_box_border_grey\"><img loading=\"lazy\" decoding=\"async\" width=\"200\" height=\"120\" src=\"https:\/\/textilairin.pe\/wp-content\/uploads\/2020\/03\/logo-umbro.png\" class=\"vc_single_image-img attachment-full\" alt=\"\" title=\"logo-umbro\" \/><\/div>\n\t\t<\/figure>\n\t<\/div>\n<\/div><\/div><\/div><div class=\"wpb_column vc_column_container vc_col-sm-3\"><div class=\"vc_column-inner\"><div class=\"wpb_wrapper\">\n\t<div  class=\"wpb_single_image wpb_content_element vc_align_center\">\n\t\t\n\t\t<figure class=\"wpb_wrapper vc_figure\">\n\t\t\t<div class=\"vc_single_image-wrapper   vc_box_border_grey\"><img loading=\"lazy\" decoding=\"async\" width=\"270\" height=\"110\" src=\"https:\/\/textilairin.pe\/wp-content\/uploads\/2024\/04\/logo-newera.png\" class=\"vc_single_image-img attachment-full\" alt=\"\" title=\"logo-newera\" \/><\/div>\n\t\t<\/figure>\n\t<\/div>\n<\/div><\/div><\/div><div class=\"wpb_column vc_column_container vc_col-sm-3\"><div class=\"vc_column-inner\"><div class=\"wpb_wrapper\">\n\t<div  class=\"wpb_single_image wpb_content_element vc_align_center\">\n\t\t\n\t\t<figure class=\"wpb_wrapper vc_figure\">\n\t\t\t<div class=\"vc_single_image-wrapper   vc_box_border_grey\"><img loading=\"lazy\" decoding=\"async\" width=\"270\" height=\"110\" src=\"https:\/\/textilairin.pe\/wp-content\/uploads\/2024\/04\/logo-footloose-2.png\" class=\"vc_single_image-img attachment-full\" alt=\"\" title=\"logo-footloose-2\" \/><\/div>\n\t\t<\/figure>\n\t<\/div>\n<\/div><\/div><\/div><div class=\"wpb_column vc_column_container vc_col-sm-3\"><div class=\"vc_column-inner\"><div class=\"wpb_wrapper\">\n\t<div  class=\"wpb_single_image wpb_content_element vc_align_center\">\n\t\t\n\t\t<figure class=\"wpb_wrapper vc_figure\">\n\t\t\t<div class=\"vc_single_image-wrapper   vc_box_border_grey\"><img loading=\"lazy\" decoding=\"async\" width=\"270\" height=\"110\" src=\"https:\/\/textilairin.pe\/wp-content\/uploads\/2024\/04\/logo-merrell-22.png\" class=\"vc_single_image-img attachment-full\" alt=\"\" title=\"logo-merrell-22\" \/><\/div>\n\t\t<\/figure>\n\t<\/div>\n<\/div><\/div><\/div><\/div><div class=\"vc_row wpb_row vc_inner vc_row-fluid content-limit newcontent-limit vc_custom_1591123080966\"><div class=\"wpb_column vc_column_container vc_col-sm-3\"><div class=\"vc_column-inner\"><div class=\"wpb_wrapper\">\n\t<div  class=\"wpb_single_image wpb_content_element vc_align_center\">\n\t\t\n\t\t<figure class=\"wpb_wrapper vc_figure\">\n\t\t\t<div class=\"vc_single_image-wrapper   vc_box_border_grey\"><img loading=\"lazy\" decoding=\"async\" width=\"270\" height=\"110\" src=\"https:\/\/textilairin.pe\/wp-content\/uploads\/2024\/04\/logo-coastal.png\" class=\"vc_single_image-img attachment-full\" alt=\"\" title=\"logo-coastal\" \/><\/div>\n\t\t<\/figure>\n\t<\/div>\n<\/div><\/div><\/div><div class=\"wpb_column vc_column_container vc_col-sm-3\"><div class=\"vc_column-inner\"><div class=\"wpb_wrapper\"><\/div><\/div><\/div><div class=\"wpb_column vc_column_container vc_col-sm-3\"><div class=\"vc_column-inner\"><div class=\"wpb_wrapper\"><\/div><\/div><\/div><div class=\"wpb_column vc_column_container vc_col-sm-3\"><div class=\"vc_column-inner\"><div class=\"wpb_wrapper\"><\/div><\/div><\/div><\/div><\/div><\/div><\/div><\/div><div class=\"vc_row-full-width vc_clearfix\"><\/div><div data-vc-full-width=\"true\" data-vc-full-width-init=\"false\" data-vc-stretch-content=\"true\" class=\"vc_row wpb_row vc_row-fluid vc_custom_1584031783702 vc_row-has-fill vc_row-no-padding\"><div class=\"wpb_column vc_column_container vc_col-sm-12\"><div class=\"vc_column-inner\"><div class=\"wpb_wrapper\"><div class=\"vc_row wpb_row vc_inner vc_row-fluid content-limit\"><div class=\"wpb_column vc_column_container vc_col-sm-12\"><div class=\"vc_column-inner\"><div class=\"wpb_wrapper\">\n\t<div class=\"wpb_text_column wpb_content_element\" >\n\t\t<div class=\"wpb_wrapper\">\n\t\t\t<div class=\"cta\">\n<div class=\"one\">\n<h3 class=\"n\">Do you have any questions?<\/h3>\n<\/div>\n<div class=\"two\">\n<p class=\"n\">Write to us for our advisors<br \/>\nthey can attend to you as soon as possible.<\/p>\n<\/div>\n<div class=\"three\"><a class=\"enlace\" href=\"https:\/\/textilairin.pe\/contactanos\/\">Contact Us<\/a><\/div>\n<\/div>\n\n\t\t<\/div>\n\t<\/div>\n<\/div><\/div><\/div><\/div><\/div><\/div><\/div><\/div><div class=\"vc_row-full-width vc_clearfix\"><\/div>\n<\/div>","protected":false},"excerpt":{"rendered":"Certificaci\u00f3n SMETA 4 Pilares En Airin, nos tomamos muy en serio nuestro compromiso con la \u00e9tica empresarial, la sostenibilidad y el bienestar de nuestros empleados y socios en la cadena de suministro. Nuestra certificaci\u00f3n SMETA 4 Pilares es una prueba de nuestro compromiso con estas importantes \u00e1reas. Ellos conf\u00edan en nosotros \u00bfTienes alguna duda? Escr\u00edbenos&nbsp;...","protected":false},"author":1,"featured_media":0,"parent":0,"menu_order":0,"comment_status":"closed","ping_status":"closed","template":"","meta":{"_monsterinsights_skip_tracking":false,"_monsterinsights_sitenote_active":false,"_monsterinsights_sitenote_note":"","_monsterinsights_sitenote_category":0,"_joinchat":[],"footnotes":""},"class_list":["post-70","page","type-page","status-publish","hentry"],"_links":{"self":[{"href":"https:\/\/textilairin.pe\/en\/wp-json\/wp\/v2\/pages\/70"}],"collection":[{"href":"https:\/\/textilairin.pe\/en\/wp-json\/wp\/v2\/pages"}],"about":[{"href":"https:\/\/textilairin.pe\/en\/wp-json\/wp\/v2\/types\/page"}],"author":[{"embeddable":true,"href":"https:\/\/textilairin.pe\/en\/wp-json\/wp\/v2\/users\/1"}],"replies":[{"embeddable":true,"href":"https:\/\/textilairin.pe\/en\/wp-json\/wp\/v2\/comments?post=70"}],"version-history":[{"count":42,"href":"https:\/\/textilairin.pe\/en\/wp-json\/wp\/v2\/pages\/70\/revisions"}],"predecessor-version":[{"id":2177,"href":"https:\/\/textilairin.pe\/en\/wp-json\/wp\/v2\/pages\/70\/revisions\/2177"}],"wp:attachment":[{"href":"https:\/\/textilairin.pe\/en\/wp-json\/wp\/v2\/media?parent=70"}],"curies":[{"name":"wp","href":"https:\/\/api.w.org\/{rel}","templated":true}]}}