{"id":48,"date":"2018-04-05T19:28:14","date_gmt":"2018-04-05T19:28:14","guid":{"rendered":"https:\/\/textilairin.pe\/?page_id=48"},"modified":"2024-08-02T20:14:40","modified_gmt":"2024-08-03T01:14:40","slug":"nosotros","status":"publish","type":"page","link":"https:\/\/textilairin.pe\/en\/nosotros\/","title":{"rendered":"About Us"},"content":{"rendered":"<div class=\"wpb-content-wrapper\"><div data-vc-full-width=\"true\" data-vc-full-width-init=\"false\" data-vc-stretch-content=\"true\" class=\"vc_row wpb_row vc_row-fluid vc_row-no-padding\"><div class=\"wpb_column vc_column_container vc_col-sm-12\"><div class=\"vc_column-inner\"><div class=\"wpb_wrapper\"><\/div><\/div><\/div><\/div><div class=\"vc_row-full-width vc_clearfix\"><\/div><div class=\"vc_row wpb_row vc_row-fluid vc_custom_1584035787594\"><div class=\"wpb_column vc_column_container vc_col-sm-12\"><div class=\"vc_column-inner\"><div class=\"wpb_wrapper\">\n\t<div class=\"wpb_text_column wpb_content_element\" >\n\t\t<div class=\"wpb_wrapper\">\n\t\t\t<div class=\"cuadricula\">\n<div class=\"l\">\n<h3 class=\"titulo\" style=\"text-align: left;\">Experience <span class=\"n\">quality<\/span><\/h3>\n<p>&nbsp;<\/p>\n<p><img loading=\"lazy\" decoding=\"async\" width=\"626\" height=\"417\" class=\"alignnone size-medium wp-image-1898\" src=\"https:\/\/textilairin.pe\/wp-content\/uploads\/2020\/10\/sastre-mujer-trabajando-fabrica-costura_1303-15843-1.jpg\" alt=\"\" srcset=\"https:\/\/textilairin.pe\/wp-content\/uploads\/2020\/10\/sastre-mujer-trabajando-fabrica-costura_1303-15843-1.jpg 626w, https:\/\/textilairin.pe\/wp-content\/uploads\/2020\/10\/sastre-mujer-trabajando-fabrica-costura_1303-15843-1-600x400.jpg 600w, https:\/\/textilairin.pe\/wp-content\/uploads\/2020\/10\/sastre-mujer-trabajando-fabrica-costura_1303-15843-1-300x200.jpg 300w\" sizes=\"(max-width: 626px) 100vw, 626px\" \/><\/div>\n<div class=\"r\">\n<p class=\"texto\" style=\"text-align: justify;\">We are a Peruvian company dedicated to the manufacture of high quality garments in knitted and flat fabrics in our exports.<\/p>\n<p class=\"texto\" style=\"text-align: justify;\">In South America we have customers in Brazil, Colombia, Chile and Venezuela. Central America, Costa Rica and North America to the United States.<\/p>\n<p class=\"texto\" style=\"text-align: justify;\">In 2018 we made the shirts of the Peruvian national team for the World Cup in Russia for the Umbro brand.<\/p>\n<p class=\"texto\" style=\"text-align: justify;\">Our commitment is to provide the national and international customer with high quality products complying with all the technical specifications and the required standards, as well as compliance with the established times.<\/p>\n<p class=\"texto\" style=\"text-align: justify;\">We believe that the spread of respect for rights is a principle that allows the development of human capital. Our responsibility is to promote positive practices that contribute to the well-being of our employees.<\/p>\n<div class=\"enlaces\">\n<ul class=\"n\">\n<li><a class=\"e1\" href=\"https:\/\/textilairin.pe\/responsabilidad-social\/\">Learn about our social responsibility<\/a><\/li>\n<\/ul>\n<\/div>\n<\/div>\n<\/div>\n\n\t\t<\/div>\n\t<\/div>\n<div class=\"vc_row wpb_row vc_inner vc_row-fluid\"><div class=\"wpb_column vc_column_container vc_col-sm-6\"><div class=\"vc_column-inner\"><div class=\"wpb_wrapper\">\n\t<div class=\"wpb_text_column wpb_content_element\" >\n\t\t<div class=\"wpb_wrapper\">\n\t\t\t<h5 class=\"titulo3\">MISSION<\/h5>\n<p class=\"none\" style=\"text-align: justify;\">Work responsibly to deliver high quality products to our customers in the agreed time.<\/p>\n<p class=\"none\" style=\"text-align: justify;\">We promote action with social and environmental responsibility.<\/p>\n\n\t\t<\/div>\n\t<\/div>\n<\/div><\/div><\/div><div class=\"wpb_column vc_column_container vc_col-sm-6\"><div class=\"vc_column-inner\"><div class=\"wpb_wrapper\">\n\t<div class=\"wpb_text_column wpb_content_element\" >\n\t\t<div class=\"wpb_wrapper\">\n\t\t\t<h5 class=\"titulo3\">VISION:<\/h5>\n<p class=\"none\" style=\"text-align: justify;\">To be recognized as a leading company in clothing manufacturing with international quality with a high level of attention to our customers.<\/p>\n\n\t\t<\/div>\n\t<\/div>\n<\/div><\/div><\/div><\/div><\/div><\/div><\/div><\/div><div data-vc-full-width=\"true\" data-vc-full-width-init=\"false\" data-vc-stretch-content=\"true\" class=\"vc_row wpb_row vc_row-fluid vc_custom_1587855844414 vc_row-has-fill vc_row-no-padding\"><div class=\"wpb_column vc_column_container vc_col-sm-12\"><div class=\"vc_column-inner\"><div class=\"wpb_wrapper\"><div class=\"vc_row wpb_row vc_inner vc_row-fluid content-limit\"><div class=\"wpb_column vc_column_container vc_col-sm-4\"><div class=\"vc_column-inner\"><div class=\"wpb_wrapper\">\n\t<div class=\"wpb_text_column wpb_content_element\" >\n\t\t<div class=\"wpb_wrapper\">\n\t\t\t<div class=\"diferencial\">\n<div class=\"l\"><img decoding=\"async\" src=\"https:\/\/textilairin.pe\/wp-content\/uploads\/2020\/03\/icon-variada-articulos.png\" alt=\"Variedad de articulos en alta calidad\" \/><\/div>\n<div class=\"r\">\n<h2 class=\"n\">Responsibility<span class=\"n\">and commitment<\/span><\/h2>\n<p class=\"n\" style=\"text-align: justify;\">Responsibility and commitment: it is based on the fulfillment of functions and activities that involve the development of sustainable products.<\/p>\n<\/div>\n<\/div>\n\n\t\t<\/div>\n\t<\/div>\n<\/div><\/div><\/div><div class=\"wpb_column vc_column_container vc_col-sm-4\"><div class=\"vc_column-inner\"><div class=\"wpb_wrapper\">\n\t<div class=\"wpb_text_column wpb_content_element\" >\n\t\t<div class=\"wpb_wrapper\">\n\t\t\t<div class=\"diferencial\">\n<div class=\"l\"><img decoding=\"async\" src=\"https:\/\/textilairin.pe\/wp-content\/uploads\/2020\/03\/icon-integracion-de-equipos.png\" alt=\"Integraci\u00f3n de equipo multidisciplinario\" \/><\/div>\n<div class=\"r\">\n<h2 class=\"n\">Team Integration <span class=\"n\">multidisciplinary<\/span><\/h2>\n<p class=\"n\" style=\"text-align: justify;\">Teamwork: creates a favorable environment for the well-being of the employee and allows the development of their efficiency.<\/p>\n<\/div>\n<\/div>\n\n\t\t<\/div>\n\t<\/div>\n<\/div><\/div><\/div><div class=\"wpb_column vc_column_container vc_col-sm-4\"><div class=\"vc_column-inner\"><div class=\"wpb_wrapper\">\n\t<div class=\"wpb_text_column wpb_content_element\" >\n\t\t<div class=\"wpb_wrapper\">\n\t\t\t<div class=\"diferencial\">\n<div class=\"l\"><img decoding=\"async\" src=\"https:\/\/textilairin.pe\/wp-content\/uploads\/2020\/03\/icon-experiencia-de-calidad.png\" alt=\"Experiencia de calidad\" \/><\/div>\n<div class=\"r\">\n<h2 class=\"n\">Experience of <span class=\"n\">quality<\/span><\/h2>\n<p class=\"n\" style=\"text-align: justify;\">Quality: to meet the standards required by our customer.<\/p>\n<\/div>\n<\/div>\n\n\t\t<\/div>\n\t<\/div>\n<\/div><\/div><\/div><\/div><\/div><\/div><\/div><\/div><div class=\"vc_row-full-width vc_clearfix\"><\/div><div data-vc-full-width=\"true\" data-vc-full-width-init=\"false\" data-vc-stretch-content=\"true\" class=\"vc_row wpb_row vc_row-fluid vc_custom_1584001431124 vc_row-has-fill vc_row-no-padding\"><div class=\"wpb_column vc_column_container vc_col-sm-12\"><div class=\"vc_column-inner\"><div class=\"wpb_wrapper\"><div class=\"vc_row wpb_row vc_inner vc_row-fluid content-limit vc_custom_1587844252561\"><div class=\"wpb_column vc_column_container vc_col-sm-12\"><div class=\"vc_column-inner\"><div class=\"wpb_wrapper\">\n\t<div class=\"wpb_text_column wpb_content_element\" >\n\t\t<div class=\"wpb_wrapper\">\n\t\t\t<h3 class=\"titulo3 tit_padding_left\">They trust us<\/h3>\n\n\t\t<\/div>\n\t<\/div>\n<\/div><\/div><\/div><\/div><div class=\"vc_row wpb_row vc_inner vc_row-fluid content-limit newcontent-limit vc_custom_1591123080966\"><div class=\"wpb_column vc_column_container vc_col-sm-3\"><div class=\"vc_column-inner\"><div class=\"wpb_wrapper\">\n\t<div  class=\"wpb_single_image wpb_content_element vc_align_center\">\n\t\t\n\t\t<figure class=\"wpb_wrapper vc_figure\">\n\t\t\t<div class=\"vc_single_image-wrapper   vc_box_border_grey\"><img loading=\"lazy\" decoding=\"async\" width=\"270\" height=\"126\" src=\"https:\/\/textilairin.pe\/wp-content\/uploads\/2020\/04\/logo-cliente-2.png\" class=\"vc_single_image-img attachment-full\" alt=\"\" title=\"logo-cliente-2\" \/><\/div>\n\t\t<\/figure>\n\t<\/div>\n<\/div><\/div><\/div><div class=\"wpb_column vc_column_container vc_col-sm-3\"><div class=\"vc_column-inner\"><div class=\"wpb_wrapper\">\n\t<div  class=\"wpb_single_image wpb_content_element vc_align_center\">\n\t\t\n\t\t<figure class=\"wpb_wrapper vc_figure\">\n\t\t\t<div class=\"vc_single_image-wrapper   vc_box_border_grey\"><img loading=\"lazy\" decoding=\"async\" width=\"270\" height=\"126\" src=\"https:\/\/textilairin.pe\/wp-content\/uploads\/2020\/04\/logo-cliente-3.png\" class=\"vc_single_image-img attachment-full\" alt=\"\" title=\"logo-cliente-3\" \/><\/div>\n\t\t<\/figure>\n\t<\/div>\n<\/div><\/div><\/div><div class=\"wpb_column vc_column_container vc_col-sm-3\"><div class=\"vc_column-inner\"><div class=\"wpb_wrapper\">\n\t<div  class=\"wpb_single_image wpb_content_element vc_align_center\">\n\t\t\n\t\t<figure class=\"wpb_wrapper vc_figure\">\n\t\t\t<div class=\"vc_single_image-wrapper   vc_box_border_grey\"><img loading=\"lazy\" decoding=\"async\" width=\"270\" height=\"126\" src=\"https:\/\/textilairin.pe\/wp-content\/uploads\/2020\/04\/logo-cliente-9.png\" class=\"vc_single_image-img attachment-full\" alt=\"\" title=\"logo-cliente-9\" \/><\/div>\n\t\t<\/figure>\n\t<\/div>\n<\/div><\/div><\/div><div class=\"wpb_column vc_column_container vc_col-sm-3\"><div class=\"vc_column-inner\"><div class=\"wpb_wrapper\">\n\t<div  class=\"wpb_single_image wpb_content_element vc_align_center\">\n\t\t\n\t\t<figure class=\"wpb_wrapper vc_figure\">\n\t\t\t<div class=\"vc_single_image-wrapper   vc_box_border_grey\"><img loading=\"lazy\" decoding=\"async\" width=\"270\" height=\"126\" src=\"https:\/\/textilairin.pe\/wp-content\/uploads\/2020\/04\/logo-cliente-6.png\" class=\"vc_single_image-img attachment-full\" alt=\"\" title=\"logo-cliente-6\" \/><\/div>\n\t\t<\/figure>\n\t<\/div>\n<\/div><\/div><\/div><\/div><div class=\"vc_row wpb_row vc_inner vc_row-fluid content-limit newcontent-limit vc_custom_1591123080966\"><div class=\"wpb_column vc_column_container vc_col-sm-3\"><div class=\"vc_column-inner\"><div class=\"wpb_wrapper\">\n\t<div  class=\"wpb_single_image wpb_content_element vc_align_center\">\n\t\t\n\t\t<figure class=\"wpb_wrapper vc_figure\">\n\t\t\t<div class=\"vc_single_image-wrapper   vc_box_border_grey\"><img loading=\"lazy\" decoding=\"async\" width=\"200\" height=\"120\" src=\"https:\/\/textilairin.pe\/wp-content\/uploads\/2020\/03\/logo-umbro.png\" class=\"vc_single_image-img attachment-full\" alt=\"\" title=\"logo-umbro\" \/><\/div>\n\t\t<\/figure>\n\t<\/div>\n<\/div><\/div><\/div><div class=\"wpb_column vc_column_container vc_col-sm-3\"><div class=\"vc_column-inner\"><div class=\"wpb_wrapper\">\n\t<div  class=\"wpb_single_image wpb_content_element vc_align_center\">\n\t\t\n\t\t<figure class=\"wpb_wrapper vc_figure\">\n\t\t\t<div class=\"vc_single_image-wrapper   vc_box_border_grey\"><img loading=\"lazy\" decoding=\"async\" width=\"270\" height=\"110\" src=\"https:\/\/textilairin.pe\/wp-content\/uploads\/2024\/04\/logo-newera.png\" class=\"vc_single_image-img attachment-full\" alt=\"\" title=\"logo-newera\" \/><\/div>\n\t\t<\/figure>\n\t<\/div>\n<\/div><\/div><\/div><div class=\"wpb_column vc_column_container vc_col-sm-3\"><div class=\"vc_column-inner\"><div class=\"wpb_wrapper\">\n\t<div  class=\"wpb_single_image wpb_content_element vc_align_center\">\n\t\t\n\t\t<figure class=\"wpb_wrapper vc_figure\">\n\t\t\t<div class=\"vc_single_image-wrapper   vc_box_border_grey\"><img loading=\"lazy\" decoding=\"async\" width=\"270\" height=\"110\" src=\"https:\/\/textilairin.pe\/wp-content\/uploads\/2024\/04\/logo-footloose-2.png\" class=\"vc_single_image-img attachment-full\" alt=\"\" title=\"logo-footloose-2\" \/><\/div>\n\t\t<\/figure>\n\t<\/div>\n<\/div><\/div><\/div><div class=\"wpb_column vc_column_container vc_col-sm-3\"><div class=\"vc_column-inner\"><div class=\"wpb_wrapper\">\n\t<div  class=\"wpb_single_image wpb_content_element vc_align_center\">\n\t\t\n\t\t<figure class=\"wpb_wrapper vc_figure\">\n\t\t\t<div class=\"vc_single_image-wrapper   vc_box_border_grey\"><img loading=\"lazy\" decoding=\"async\" width=\"270\" height=\"110\" src=\"https:\/\/textilairin.pe\/wp-content\/uploads\/2024\/04\/logo-merrell-22.png\" class=\"vc_single_image-img attachment-full\" alt=\"\" title=\"logo-merrell-22\" \/><\/div>\n\t\t<\/figure>\n\t<\/div>\n<\/div><\/div><\/div><\/div><div class=\"vc_row wpb_row vc_inner vc_row-fluid content-limit newcontent-limit vc_custom_1591123080966\"><div class=\"wpb_column vc_column_container vc_col-sm-3\"><div class=\"vc_column-inner\"><div class=\"wpb_wrapper\">\n\t<div  class=\"wpb_single_image wpb_content_element vc_align_center\">\n\t\t\n\t\t<figure class=\"wpb_wrapper vc_figure\">\n\t\t\t<div class=\"vc_single_image-wrapper   vc_box_border_grey\"><img loading=\"lazy\" decoding=\"async\" width=\"270\" height=\"110\" src=\"https:\/\/textilairin.pe\/wp-content\/uploads\/2024\/04\/logo-coastal.png\" class=\"vc_single_image-img attachment-full\" alt=\"\" title=\"logo-coastal\" \/><\/div>\n\t\t<\/figure>\n\t<\/div>\n<\/div><\/div><\/div><div class=\"wpb_column vc_column_container vc_col-sm-3\"><div class=\"vc_column-inner\"><div class=\"wpb_wrapper\"><\/div><\/div><\/div><div class=\"wpb_column vc_column_container vc_col-sm-3\"><div class=\"vc_column-inner\"><div class=\"wpb_wrapper\"><\/div><\/div><\/div><div class=\"wpb_column vc_column_container vc_col-sm-3\"><div class=\"vc_column-inner\"><div class=\"wpb_wrapper\"><\/div><\/div><\/div><\/div><\/div><\/div><\/div><\/div><div class=\"vc_row-full-width vc_clearfix\"><\/div><div data-vc-full-width=\"true\" data-vc-full-width-init=\"false\" data-vc-stretch-content=\"true\" class=\"vc_row wpb_row vc_row-fluid vc_custom_1583995116896 vc_row-has-fill vc_row-no-padding\"><div class=\"wpb_column vc_column_container vc_col-sm-12\"><div class=\"vc_column-inner\"><div class=\"wpb_wrapper\"><div class=\"vc_empty_space\"   style=\"height: 60px\"><span class=\"vc_empty_space_inner\"><\/span><\/div><div class=\"vc_row wpb_row vc_inner vc_row-fluid\"><div class=\"wpb_column vc_column_container vc_col-sm-4\"><div class=\"vc_column-inner\"><div class=\"wpb_wrapper\">\n\t<div class=\"wpb_text_column wpb_content_element\" >\n\t\t<div class=\"wpb_wrapper\">\n\t\t\t<h3 class=\"titulo2\">Processes<\/h3>\n\n\t\t<\/div>\n\t<\/div>\n<\/div><\/div><\/div><div class=\"wpb_column vc_column_container vc_col-sm-8\"><div class=\"vc_column-inner\"><div class=\"wpb_wrapper\">\n\t<div class=\"wpb_text_column wpb_content_element\" >\n\t\t<div class=\"wpb_wrapper\">\n\t\t\t<div class='white' style='background:rgba(0,0,0,0); border:solid 0px rgba(0,0,0,0); border-radius:0px; padding:0px 0px 0px 0px;'>\n<div id='slider_1478' class='owl-carousel sa_owl_theme owl-pagination-true autohide-arrows' data-slider-id='slider_1478' style='visibility:hidden;'>\n<div id='slider_1478_slide01' class='sa_hover_container' style='padding:0% 0%; margin:0px 0%; '><div class=\"content-procesos\">\r\n<div class=\"l\"><img decoding=\"async\" src=\"https:\/\/textilairin.pe\/wp-content\/uploads\/2020\/12\/diseno-moda-asesoria.jpg\" alt=\"\" width=\"475\" class=\"size-full wp-image-2021\" srcset=\"https:\/\/textilairin.pe\/wp-content\/uploads\/2020\/12\/diseno-moda-asesoria.jpg 1000w, https:\/\/textilairin.pe\/wp-content\/uploads\/2020\/12\/diseno-moda-asesoria-600x400.jpg 600w, https:\/\/textilairin.pe\/wp-content\/uploads\/2020\/12\/diseno-moda-asesoria-300x200.jpg 300w, https:\/\/textilairin.pe\/wp-content\/uploads\/2020\/12\/diseno-moda-asesoria-768x512.jpg 768w\" sizes=\"(max-width: 1000px) 100vw, 1000px\" \/><\/div>\r\n<div class=\"r\">\r\n<h4 class=\"uno\">COMMERCIAL ADVICE<\/h4>\r\n<p>We can advise them on every step of your production order, from the mold manufacturing process to the total delivery of the product.<\/p>\r\n<p>Depending on your requirements we can process orders in less time than the market establishes. Despite having procedures, we are able to attend to and resolve any emergency.<\/p>\r\n<\/div>\r\n<\/div><\/div>\n<div id='slider_1478_slide02' class='sa_hover_container' style='padding:0% 0%; margin:0px 0%; '><div class=\"content-procesos\">\r\n<div class=\"l\">\r\n<img decoding=\"async\" src=\"https:\/\/textilairin.pe\/wp-content\/uploads\/2020\/12\/fabrica-ropa.jpg\" alt=\"fabrica de ropa\" width=\"475\" class=\"alignnone size-full wp-image-2020\" srcset=\"https:\/\/textilairin.pe\/wp-content\/uploads\/2020\/12\/fabrica-ropa.jpg 640w, https:\/\/textilairin.pe\/wp-content\/uploads\/2020\/12\/fabrica-ropa-600x338.jpg 600w, https:\/\/textilairin.pe\/wp-content\/uploads\/2020\/12\/fabrica-ropa-300x169.jpg 300w\" sizes=\"(max-width: 640px) 100vw, 640px\" \/><\/div>\r\n<div class=\"r\">\r\n<h4 class=\"dos\">PRODUCT DESIGN AND DEVELOPMENT<\/h4>\r\n<p>&nbsp;<\/p>\r\n<p>We have specialized modelers who master the Audaces System and Lectra use it to make molds, chalks and scales according to the design ideas of our customers. It ranges from mold development, sample making and size scaling. All the processes by which the garment will go through as requested by the client are analyzed and developed.<\/p>\r\n<\/div>\r\n<\/div><\/div>\n<div id='slider_1478_slide03' class='sa_hover_container' style='padding:0% 0%; margin:0px 0%; '><div class=\"content-procesos\">\r\n<div class=\"l\">\r\n<img decoding=\"async\" src=\"https:\/\/textilairin.pe\/wp-content\/uploads\/2020\/12\/corte-confeccion.jpg\" alt=\"corte y confecci\u00f3n\" width=\"475\" class=\"alignnone size-full wp-image-2019\" srcset=\"https:\/\/textilairin.pe\/wp-content\/uploads\/2020\/12\/corte-confeccion.jpg 640w, https:\/\/textilairin.pe\/wp-content\/uploads\/2020\/12\/corte-confeccion-600x338.jpg 600w, https:\/\/textilairin.pe\/wp-content\/uploads\/2020\/12\/corte-confeccion-300x169.jpg 300w\" sizes=\"(max-width: 640px) 100vw, 640px\" \/><\/div>\r\n<div class=\"r\">\r\n<h4 class=\"tres\">COURT<\/h4>\r\n<p>The fabric is laid and cut according to the molds and cutting technical specifications. To obtain the cut of the fabric, models of the garment to be made are previously designed with its particularities. It then goes through strict quality control.<\/p>\r\n<\/div>\r\n<\/div><\/div>\n<div id='slider_1478_slide04' class='sa_hover_container' style='padding:0% 0%; margin:0px 0%; '><div class=\"content-procesos\">\r\n<div class=\"l\">\r\n<img decoding=\"async\" src=\"https:\/\/textilairin.pe\/wp-content\/uploads\/2020\/12\/fabrica-costura.jpg\" alt=\"fabrica-costura\" width=\"475\" class=\"alignnone size-full wp-image-2017\" srcset=\"https:\/\/textilairin.pe\/wp-content\/uploads\/2020\/12\/fabrica-costura.jpg 640w, https:\/\/textilairin.pe\/wp-content\/uploads\/2020\/12\/fabrica-costura-600x338.jpg 600w, https:\/\/textilairin.pe\/wp-content\/uploads\/2020\/12\/fabrica-costura-300x169.jpg 300w\" sizes=\"(max-width: 640px) 100vw, 640px\" \/>\r\n<\/div>\r\n<div class=\"r\">\r\n<h4 class=\"cuatro\">SEWING<\/h4>\r\n<p>&nbsp;<\/p>\r\n<p>The cut parts go through an assembly process, according to the specifications of the technical sheet. It includes sewing, remeshing, fastening, buttoning, logos, labeling and other operations to deliver the garment for its final finish. Quality is controlled and inspected throughout the process and is referred to the finishing area.<\/p>\r\n<\/div>\r\n<\/div><\/div>\n<div id='slider_1478_slide05' class='sa_hover_container' style='padding:0% 0%; margin:0px 0%; '><div class=\"content-procesos\">\r\n<div class=\"l\">\r\n<img decoding=\"async\" src=\"https:\/\/textilairin.pe\/wp-content\/uploads\/2020\/12\/empresa-textil.jpg\" alt=\"empresa-textil\" width=\"475\" class=\"alignnone size-full wp-image-2018\" srcset=\"https:\/\/textilairin.pe\/wp-content\/uploads\/2020\/12\/empresa-textil.jpg 640w, https:\/\/textilairin.pe\/wp-content\/uploads\/2020\/12\/empresa-textil-600x338.jpg 600w, https:\/\/textilairin.pe\/wp-content\/uploads\/2020\/12\/empresa-textil-300x169.jpg 300w\" sizes=\"(max-width: 640px) 100vw, 640px\" \/><\/div>\r\n<div class=\"r\">\r\n<h4 class=\"cinco\">FINISHING<\/h4>\r\n<p>&nbsp;<\/p>\r\n<p>We proceed with the review of the garments to classify them according to the standards of our customers. Once the garments are enabled, they are sent to steaming-ironing, followed by the placement of labels with relevant information about the product: size, price, style; then the garments go to folding, bagging and lacing respectively. Finally, an audit is carried out to ensure the quality of the office.<\/p>\r\n<\/div>\r\n<\/div><\/div>\n<div id='slider_1478_slide06' class='sa_hover_container' style='padding:0% 0%; margin:0px 0%; '><div class=\"content-procesos\">\r\n<div class=\"l\"><img decoding=\"async\" class=\"alignnone size-full wp-image-2013\" src=\"https:\/\/textilairin.pe\/wp-content\/uploads\/2020\/12\/empaquetado.jpg\" alt=\"\" width=\"473\" \/><\/div>\r\n<div class=\"r\">\r\n<h4 class=\"seis\">QUALITY CONTROL<\/h4>\r\n<p>Quality control consists of the application of mechanisms, actions and tools aimed at detecting errors.<\/p>\r\n<p><strong>1) Design quality control:<\/strong><\/p>\r\n<p>We check that the models to be made are correct to the technical specifications and parameters requested by our customers.<\/p>\r\n<\/div>\r\n<\/div><\/div>\n<\/div>\n<\/div>\n<script type='text\/javascript'>\n\tdocument.addEventListener('DOMContentLoaded', function() {\n\t\tjQuery('#slider_1478').owlCarousel({\n\t\t\titems : 1,\n\t\t\tsmartSpeed : 200,\n\t\t\tautoplay : true,\n\t\t\tautoplayTimeout : 5000,\n\t\t\tautoplayHoverPause : true,\n\t\t\tsmartSpeed : 200,\n\t\t\tfluidSpeed : 200,\n\t\t\tautoplaySpeed : 200,\n\t\t\tnavSpeed : 200,\n\t\t\tdotsSpeed : 200,\n\t\t\tloop : true,\n\t\t\tnav : false,\n\t\t\tnavText : ['Previous','Next'],\n\t\t\tdots : true,\n\t\t\tresponsiveRefreshRate : 200,\n\t\t\tslideBy : 1,\n\t\t\tmergeFit : true,\n\t\t\tautoHeight : false,\n\t\t\tmouseDrag : false,\n\t\t\ttouchDrag : true\n\t\t});\n\t\tjQuery('#slider_1478').css('visibility', 'visible');\n\t\tvar owl_goto = jQuery('#slider_1478');\n\t\tjQuery('.slider_1478_goto1').click(function(event){\n\t\t\towl_goto.trigger('to.owl.carousel', 0);\n\t\t});\n\t\tjQuery('.slider_1478_goto2').click(function(event){\n\t\t\towl_goto.trigger('to.owl.carousel', 1);\n\t\t});\n\t\tjQuery('.slider_1478_goto3').click(function(event){\n\t\t\towl_goto.trigger('to.owl.carousel', 2);\n\t\t});\n\t\tjQuery('.slider_1478_goto4').click(function(event){\n\t\t\towl_goto.trigger('to.owl.carousel', 3);\n\t\t});\n\t\tjQuery('.slider_1478_goto5').click(function(event){\n\t\t\towl_goto.trigger('to.owl.carousel', 4);\n\t\t});\n\t\tjQuery('.slider_1478_goto6').click(function(event){\n\t\t\towl_goto.trigger('to.owl.carousel', 5);\n\t\t});\n\t\tvar resize_1478 = jQuery('.owl-carousel');\n\t\tresize_1478.on('initialized.owl.carousel', function(e) {\n\t\t\tif (typeof(Event) === 'function') {\n\t\t\t\twindow.dispatchEvent(new Event('resize'));\n\t\t\t} else {\n\t\t\t\tvar evt = window.document.createEvent('UIEvents');\n\t\t\t\tevt.initUIEvent('resize', true, false, window, 0);\n\t\t\t\twindow.dispatchEvent(evt);\n\t\t\t}\n\t\t});\n\t});\n<\/script>\n\n\n\t\t<\/div>\n\t<\/div>\n<\/div><\/div><\/div><\/div><\/div><\/div><\/div><\/div><div class=\"vc_row-full-width vc_clearfix\"><\/div><div data-vc-full-width=\"true\" data-vc-full-width-init=\"false\" data-vc-stretch-content=\"true\" class=\"vc_row wpb_row vc_row-fluid vc_custom_1584031783702 vc_row-has-fill vc_row-no-padding\"><div class=\"wpb_column vc_column_container vc_col-sm-12\"><div class=\"vc_column-inner\"><div class=\"wpb_wrapper\"><div class=\"vc_row wpb_row vc_inner vc_row-fluid content-limit\"><div class=\"wpb_column vc_column_container vc_col-sm-12\"><div class=\"vc_column-inner\"><div class=\"wpb_wrapper\">\n\t<div class=\"wpb_text_column wpb_content_element\" >\n\t\t<div class=\"wpb_wrapper\">\n\t\t\t<div class=\"cta\">\n<div class=\"one\">\n<h3 class=\"n\">Do you have any questions?<\/h3>\n<\/div>\n<div class=\"two\">\n<p class=\"n\">Write to us for our advisors<br \/>\nthey can attend to you as soon as possible.<\/p>\n<\/div>\n<div class=\"three\"><a class=\"enlace\" href=\"#\">Contact Us<\/a><\/div>\n<\/div>\n\n\t\t<\/div>\n\t<\/div>\n<\/div><\/div><\/div><\/div><\/div><\/div><\/div><\/div><div class=\"vc_row-full-width vc_clearfix\"><\/div>\n<\/div>","protected":false},"excerpt":{"rendered":"Experiencia de calidad &nbsp; Somos una empresa peruana dedicada a la fabricaci\u00f3n de prendas de vestir de alta calidad en tejidos de punto y plano en nuestras exportaciones. En Sudam\u00e9rica tenemos clientes en Brasil, Colombia, Chile y Venezuela. Centro am\u00e9rica Costa Rica y Norteam\u00e9rica a Estados Unidos. En el a\u00f1o 2018 realizamos las camisetas de&nbsp;...","protected":false},"author":1,"featured_media":0,"parent":0,"menu_order":0,"comment_status":"closed","ping_status":"closed","template":"","meta":{"_monsterinsights_skip_tracking":false,"_monsterinsights_sitenote_active":false,"_monsterinsights_sitenote_note":"","_monsterinsights_sitenote_category":0,"_joinchat":[],"footnotes":""},"class_list":["post-48","page","type-page","status-publish","hentry"],"_links":{"self":[{"href":"https:\/\/textilairin.pe\/en\/wp-json\/wp\/v2\/pages\/48"}],"collection":[{"href":"https:\/\/textilairin.pe\/en\/wp-json\/wp\/v2\/pages"}],"about":[{"href":"https:\/\/textilairin.pe\/en\/wp-json\/wp\/v2\/types\/page"}],"author":[{"embeddable":true,"href":"https:\/\/textilairin.pe\/en\/wp-json\/wp\/v2\/users\/1"}],"replies":[{"embeddable":true,"href":"https:\/\/textilairin.pe\/en\/wp-json\/wp\/v2\/comments?post=48"}],"version-history":[{"count":54,"href":"https:\/\/textilairin.pe\/en\/wp-json\/wp\/v2\/pages\/48\/revisions"}],"predecessor-version":[{"id":2101,"href":"https:\/\/textilairin.pe\/en\/wp-json\/wp\/v2\/pages\/48\/revisions\/2101"}],"wp:attachment":[{"href":"https:\/\/textilairin.pe\/en\/wp-json\/wp\/v2\/media?parent=48"}],"curies":[{"name":"wp","href":"https:\/\/api.w.org\/{rel}","templated":true}]}}